{"id":2,"date":"2026-02-05T21:50:50","date_gmt":"2026-02-06T00:50:50","guid":{"rendered":"http:\/\/cnlocacoesdemaquinas.com.br\/?page_id=2"},"modified":"2026-02-21T16:42:40","modified_gmt":"2026-02-21T19:42:40","slug":"pagina-exemplo","status":"publish","type":"page","link":"https:\/\/cnlocacoesdemaquinas.com.br\/","title":{"rendered":"CN Loca\u00e7\u00f5es de M\u00e1quinas"},"content":{"rendered":"\n<div class=\"wp-block-cover alignfull has-custom-content-position is-position-top-center\" style=\"min-height:780px;aspect-ratio:unset;\"><img decoding=\"async\" class=\"wp-block-cover__image-background\" alt=\"\" src=\"https:\/\/vninfra.com.br\/wp-content\/themes\/neve\/assets\/img\/starter-content\/neve-hero-2.png\" style=\"object-position:50% 72%\" data-object-fit=\"cover\" data-object-position=\"50% 72%\"\/><span aria-hidden=\"true\" class=\"wp-block-cover__background has-background-dim-0 has-background-dim\"><\/span><div class=\"wp-block-cover__inner-container is-layout-flow wp-block-cover-is-layout-flow\">\n<div class=\"wp-block-columns is-layout-flex wp-container-core-columns-is-layout-9d6595d7 wp-block-columns-is-layout-flex\">\n<div class=\"wp-block-column is-vertically-aligned-top is-layout-flow wp-block-column-is-layout-flow\" style=\"padding-right:var(--wp--preset--spacing--20);padding-left:var(--wp--preset--spacing--20);flex-basis:65%\">\n<p><\/p>\n\n\n\n<h2 class=\"wp-block-heading has-text-align-left has-nv-text-dark-bg-color has-text-color\">Loca\u00e7\u00e3o de m\u00e1quinas para obras e transportadora<\/h2>\n\n\n\n<p class=\"has-text-align-left has-nv-text-dark-bg-color has-text-color\" style=\"font-size:17px\">Loca\u00e7\u00e3o de m\u00e1quinas em Ribeir\u00e3o Preto (SP) e regi\u00e3o.<\/p>\n\n\n\n<div class=\"wp-block-buttons is-horizontal is-content-justification-left is-layout-flex wp-container-core-buttons-is-layout-7e5fce0a wp-block-buttons-is-layout-flex\">\n<div class=\"wp-block-button is-style-primary\"><a class=\"wp-block-button__link has-text-color has-background has-link-color wp-element-button\" href=\"https:\/\/vninfra.com.br\/?page_id=9\" style=\"color:#0a2279;background-color:#ffffff\">Pe\u00e7a um or\u00e7amento<\/a><\/div>\n\n\n\n<div class=\"wp-block-button is-style-secondary\"><a class=\"wp-block-button__link has-nv-text-dark-bg-color has-text-color has-link-color wp-element-button\" href=\"https:\/\/vninfra.com.br\/?page_id=10\">servi\u00e7os prestados<\/a><\/div>\n<\/div>\n\n\n\n<div style=\"height:33px\" aria-hidden=\"true\" class=\"wp-block-spacer\"><\/div>\n<\/div>\n\n\n\n<div class=\"wp-block-column is-vertically-aligned-center is-layout-flow wp-block-column-is-layout-flow\">\n<figure class=\"wp-block-image size-full is-resized\"><img decoding=\"async\" src=\"https:\/\/vninfra.com.br\/wp-content\/uploads\/2024\/08\/pngwing.com4_-1.png\" alt=\"\" class=\"wp-image-78\" style=\"width:636px;height:auto\"\/><\/figure>\n<\/div>\n<\/div>\n<\/div><\/div>\n","protected":false},"excerpt":{"rendered":"","protected":false},"author":1,"featured_media":0,"parent":0,"menu_order":0,"comment_status":"closed","ping_status":"open","template":"","meta":{"neve_meta_sidebar":"","neve_meta_container":"","neve_meta_enable_content_width":"","neve_meta_content_width":0,"neve_meta_title_alignment":"","neve_meta_author_avatar":"","neve_post_elements_order":"","neve_meta_disable_header":"","neve_meta_disable_footer":"","neve_meta_disable_title":"","footnotes":""},"class_list":["post-2","page","type-page","status-publish","hentry"],"yoast_head":"<!-- This site is optimized with the Yoast SEO plugin v22.8 - https:\/\/yoast.com\/wordpress\/plugins\/seo\/ -->\n<title>CN Loca\u00e7\u00f5es de M\u00e1quinas - CN Loca\u00e7\u00f5es de M\u00e1quinas<\/title>\n<meta name=\"robots\" content=\"index, follow, max-snippet:-1, max-image-preview:large, max-video-preview:-1\" \/>\n<link rel=\"canonical\" href=\"http:\/\/cnlocacoesdemaquinas.com.br\/\" \/>\n<meta property=\"og:locale\" content=\"en_US\" \/>\n<meta property=\"og:type\" content=\"article\" \/>\n<meta property=\"og:title\" content=\"CN Loca\u00e7\u00f5es de M\u00e1quinas - CN Loca\u00e7\u00f5es de M\u00e1quinas\" \/>\n<meta property=\"og:url\" content=\"http:\/\/cnlocacoesdemaquinas.com.br\/\" \/>\n<meta property=\"og:site_name\" content=\"CN Loca\u00e7\u00f5es de M\u00e1quinas\" \/>\n<meta property=\"article:modified_time\" content=\"2026-02-21T19:42:40+00:00\" \/>\n<meta property=\"og:image\" content=\"https:\/\/vninfra.com.br\/wp-content\/themes\/neve\/assets\/img\/starter-content\/neve-hero-2.png\" \/>\n<meta name=\"twitter:card\" content=\"summary_large_image\" \/>\n<meta name=\"twitter:label1\" content=\"Est. reading time\" \/>\n\t<meta name=\"twitter:data1\" content=\"1 minute\" \/>\n<script type=\"application\/ld+json\" class=\"yoast-schema-graph\">{\"@context\":\"https:\/\/schema.org\",\"@graph\":[{\"@type\":\"WebPage\",\"@id\":\"http:\/\/cnlocacoesdemaquinas.com.br\/\",\"url\":\"http:\/\/cnlocacoesdemaquinas.com.br\/\",\"name\":\"CN Loca\u00e7\u00f5es de M\u00e1quinas - CN Loca\u00e7\u00f5es de M\u00e1quinas\",\"isPartOf\":{\"@id\":\"http:\/\/cnlocacoesdemaquinas.com.br\/#website\"},\"primaryImageOfPage\":{\"@id\":\"http:\/\/cnlocacoesdemaquinas.com.br\/#primaryimage\"},\"image\":{\"@id\":\"http:\/\/cnlocacoesdemaquinas.com.br\/#primaryimage\"},\"thumbnailUrl\":\"https:\/\/vninfra.com.br\/wp-content\/themes\/neve\/assets\/img\/starter-content\/neve-hero-2.png\",\"datePublished\":\"2026-02-06T00:50:50+00:00\",\"dateModified\":\"2026-02-21T19:42:40+00:00\",\"breadcrumb\":{\"@id\":\"http:\/\/cnlocacoesdemaquinas.com.br\/#breadcrumb\"},\"inLanguage\":\"en-US\",\"potentialAction\":[{\"@type\":\"ReadAction\",\"target\":[\"http:\/\/cnlocacoesdemaquinas.com.br\/\"]}]},{\"@type\":\"ImageObject\",\"inLanguage\":\"en-US\",\"@id\":\"http:\/\/cnlocacoesdemaquinas.com.br\/#primaryimage\",\"url\":\"https:\/\/vninfra.com.br\/wp-content\/themes\/neve\/assets\/img\/starter-content\/neve-hero-2.png\",\"contentUrl\":\"https:\/\/vninfra.com.br\/wp-content\/themes\/neve\/assets\/img\/starter-content\/neve-hero-2.png\"},{\"@type\":\"BreadcrumbList\",\"@id\":\"http:\/\/cnlocacoesdemaquinas.com.br\/#breadcrumb\",\"itemListElement\":[{\"@type\":\"ListItem\",\"position\":1,\"name\":\"Home\",\"item\":\"http:\/\/cnlocacoesdemaquinas.com.br\/\"},{\"@type\":\"ListItem\",\"position\":2,\"name\":\"CN Loca\u00e7\u00f5es de M\u00e1quinas\"}]},{\"@type\":\"WebSite\",\"@id\":\"http:\/\/cnlocacoesdemaquinas.com.br\/#website\",\"url\":\"http:\/\/cnlocacoesdemaquinas.com.br\/\",\"name\":\"CN Loca\u00e7\u00f5es de M\u00e1quinas\",\"description\":\"\",\"potentialAction\":[{\"@type\":\"SearchAction\",\"target\":{\"@type\":\"EntryPoint\",\"urlTemplate\":\"http:\/\/cnlocacoesdemaquinas.com.br\/?s={search_term_string}\"},\"query-input\":\"required name=search_term_string\"}],\"inLanguage\":\"en-US\"}]}<\/script>\n<!-- \/ Yoast SEO plugin. -->","yoast_head_json":{"title":"CN Loca\u00e7\u00f5es de M\u00e1quinas - CN Loca\u00e7\u00f5es de M\u00e1quinas","robots":{"index":"index","follow":"follow","max-snippet":"max-snippet:-1","max-image-preview":"max-image-preview:large","max-video-preview":"max-video-preview:-1"},"canonical":"http:\/\/cnlocacoesdemaquinas.com.br\/","og_locale":"en_US","og_type":"article","og_title":"CN Loca\u00e7\u00f5es de M\u00e1quinas - CN Loca\u00e7\u00f5es de M\u00e1quinas","og_url":"http:\/\/cnlocacoesdemaquinas.com.br\/","og_site_name":"CN Loca\u00e7\u00f5es de M\u00e1quinas","article_modified_time":"2026-02-21T19:42:40+00:00","og_image":[{"url":"https:\/\/vninfra.com.br\/wp-content\/themes\/neve\/assets\/img\/starter-content\/neve-hero-2.png"}],"twitter_card":"summary_large_image","twitter_misc":{"Est. reading time":"1 minute"},"schema":{"@context":"https:\/\/schema.org","@graph":[{"@type":"WebPage","@id":"http:\/\/cnlocacoesdemaquinas.com.br\/","url":"http:\/\/cnlocacoesdemaquinas.com.br\/","name":"CN Loca\u00e7\u00f5es de M\u00e1quinas - CN Loca\u00e7\u00f5es de M\u00e1quinas","isPartOf":{"@id":"http:\/\/cnlocacoesdemaquinas.com.br\/#website"},"primaryImageOfPage":{"@id":"http:\/\/cnlocacoesdemaquinas.com.br\/#primaryimage"},"image":{"@id":"http:\/\/cnlocacoesdemaquinas.com.br\/#primaryimage"},"thumbnailUrl":"https:\/\/vninfra.com.br\/wp-content\/themes\/neve\/assets\/img\/starter-content\/neve-hero-2.png","datePublished":"2026-02-06T00:50:50+00:00","dateModified":"2026-02-21T19:42:40+00:00","breadcrumb":{"@id":"http:\/\/cnlocacoesdemaquinas.com.br\/#breadcrumb"},"inLanguage":"en-US","potentialAction":[{"@type":"ReadAction","target":["http:\/\/cnlocacoesdemaquinas.com.br\/"]}]},{"@type":"ImageObject","inLanguage":"en-US","@id":"http:\/\/cnlocacoesdemaquinas.com.br\/#primaryimage","url":"https:\/\/vninfra.com.br\/wp-content\/themes\/neve\/assets\/img\/starter-content\/neve-hero-2.png","contentUrl":"https:\/\/vninfra.com.br\/wp-content\/themes\/neve\/assets\/img\/starter-content\/neve-hero-2.png"},{"@type":"BreadcrumbList","@id":"http:\/\/cnlocacoesdemaquinas.com.br\/#breadcrumb","itemListElement":[{"@type":"ListItem","position":1,"name":"Home","item":"http:\/\/cnlocacoesdemaquinas.com.br\/"},{"@type":"ListItem","position":2,"name":"CN Loca\u00e7\u00f5es de M\u00e1quinas"}]},{"@type":"WebSite","@id":"http:\/\/cnlocacoesdemaquinas.com.br\/#website","url":"http:\/\/cnlocacoesdemaquinas.com.br\/","name":"CN Loca\u00e7\u00f5es de M\u00e1quinas","description":"","potentialAction":[{"@type":"SearchAction","target":{"@type":"EntryPoint","urlTemplate":"http:\/\/cnlocacoesdemaquinas.com.br\/?s={search_term_string}"},"query-input":"required name=search_term_string"}],"inLanguage":"en-US"}]}},"_links":{"self":[{"href":"https:\/\/cnlocacoesdemaquinas.com.br\/index.php?rest_route=\/wp\/v2\/pages\/2","targetHints":{"allow":["GET"]}}],"collection":[{"href":"https:\/\/cnlocacoesdemaquinas.com.br\/index.php?rest_route=\/wp\/v2\/pages"}],"about":[{"href":"https:\/\/cnlocacoesdemaquinas.com.br\/index.php?rest_route=\/wp\/v2\/types\/page"}],"author":[{"embeddable":true,"href":"https:\/\/cnlocacoesdemaquinas.com.br\/index.php?rest_route=\/wp\/v2\/users\/1"}],"replies":[{"embeddable":true,"href":"https:\/\/cnlocacoesdemaquinas.com.br\/index.php?rest_route=%2Fwp%2Fv2%2Fcomments&post=2"}],"version-history":[{"count":3,"href":"https:\/\/cnlocacoesdemaquinas.com.br\/index.php?rest_route=\/wp\/v2\/pages\/2\/revisions"}],"predecessor-version":[{"id":47,"href":"https:\/\/cnlocacoesdemaquinas.com.br\/index.php?rest_route=\/wp\/v2\/pages\/2\/revisions\/47"}],"wp:attachment":[{"href":"https:\/\/cnlocacoesdemaquinas.com.br\/index.php?rest_route=%2Fwp%2Fv2%2Fmedia&parent=2"}],"curies":[{"name":"wp","href":"https:\/\/api.w.org\/{rel}","templated":true}]}}