{"id":23,"date":"2026-02-21T15:53:11","date_gmt":"2026-02-21T18:53:11","guid":{"rendered":"https:\/\/cnlocacoesdemaquinas.com.br\/?page_id=23"},"modified":"2026-02-21T16:25:54","modified_gmt":"2026-02-21T19:25:54","slug":"servicos-prestados","status":"publish","type":"page","link":"https:\/\/cnlocacoesdemaquinas.com.br\/?page_id=23","title":{"rendered":"Servi\u00e7os Prestados"},"content":{"rendered":"\n<div class=\"wp-block-cover alignfull\" style=\"min-height:478px;aspect-ratio:unset;\"><span aria-hidden=\"true\" class=\"wp-block-cover__background has-nv-light-bg-background-color has-background-dim-100 has-background-dim\"><\/span><div class=\"wp-block-cover__inner-container is-layout-flow wp-block-cover-is-layout-flow\">\n<div class=\"wp-block-group\"><div class=\"wp-block-group__inner-container is-layout-flow wp-block-group-is-layout-flow\">\n<div class=\"wp-block-columns are-vertically-aligned-center is-layout-flex wp-container-core-columns-is-layout-9d6595d7 wp-block-columns-is-layout-flex\">\n<div class=\"wp-block-column is-vertically-aligned-center is-layout-flow wp-block-column-is-layout-flow\" style=\"padding-right:var(--wp--preset--spacing--30);padding-left:var(--wp--preset--spacing--30);flex-basis:50%\">\n<figure class=\"wp-block-image size-full has-custom-border\"><img decoding=\"async\" src=\"https:\/\/vninfra.com.br\/wp-content\/uploads\/2024\/09\/photo_2024-08-31_15-23-05-1-edited.jpg\" alt=\"\" class=\"wp-image-113\" style=\"border-radius:24px\"\/><\/figure>\n\n\n\n<h3 class=\"wp-block-heading has-text-align-center has-neve-text-color-color has-text-color\">Loca\u00e7\u00e3o de m\u00e1quinas<\/h3>\n<\/div>\n<\/div>\n<\/div><\/div>\n<\/div><\/div>\n","protected":false},"excerpt":{"rendered":"","protected":false},"author":1,"featured_media":0,"parent":0,"menu_order":0,"comment_status":"closed","ping_status":"closed","template":"","meta":{"neve_meta_sidebar":"","neve_meta_container":"","neve_meta_enable_content_width":"","neve_meta_content_width":0,"neve_meta_title_alignment":"","neve_meta_author_avatar":"","neve_post_elements_order":"","neve_meta_disable_header":"","neve_meta_disable_footer":"","neve_meta_disable_title":"","footnotes":""},"class_list":["post-23","page","type-page","status-publish","hentry"],"yoast_head":"<!-- This site is optimized with the Yoast SEO plugin v22.8 - https:\/\/yoast.com\/wordpress\/plugins\/seo\/ -->\n<title>Servi\u00e7os Prestados - CN Loca\u00e7\u00f5es de M\u00e1quinas<\/title>\n<meta name=\"robots\" content=\"index, follow, max-snippet:-1, max-image-preview:large, max-video-preview:-1\" \/>\n<link rel=\"canonical\" href=\"http:\/\/cnlocacoesdemaquinas.com.br\/?page_id=23\" \/>\n<meta property=\"og:locale\" content=\"en_US\" \/>\n<meta property=\"og:type\" content=\"article\" \/>\n<meta property=\"og:title\" content=\"Servi\u00e7os Prestados - CN Loca\u00e7\u00f5es de M\u00e1quinas\" \/>\n<meta property=\"og:url\" content=\"http:\/\/cnlocacoesdemaquinas.com.br\/?page_id=23\" \/>\n<meta property=\"og:site_name\" content=\"CN Loca\u00e7\u00f5es de M\u00e1quinas\" \/>\n<meta property=\"article:modified_time\" content=\"2026-02-21T19:25:54+00:00\" \/>\n<meta property=\"og:image\" content=\"https:\/\/vninfra.com.br\/wp-content\/uploads\/2024\/09\/photo_2024-08-31_15-23-05-1-edited.jpg\" \/>\n<meta name=\"twitter:card\" content=\"summary_large_image\" \/>\n<meta name=\"twitter:label1\" content=\"Est. reading time\" \/>\n\t<meta name=\"twitter:data1\" content=\"1 minute\" \/>\n<script type=\"application\/ld+json\" class=\"yoast-schema-graph\">{\"@context\":\"https:\/\/schema.org\",\"@graph\":[{\"@type\":\"WebPage\",\"@id\":\"http:\/\/cnlocacoesdemaquinas.com.br\/?page_id=23\",\"url\":\"http:\/\/cnlocacoesdemaquinas.com.br\/?page_id=23\",\"name\":\"Servi\u00e7os Prestados - CN Loca\u00e7\u00f5es de M\u00e1quinas\",\"isPartOf\":{\"@id\":\"https:\/\/cnlocacoesdemaquinas.com.br\/#website\"},\"primaryImageOfPage\":{\"@id\":\"http:\/\/cnlocacoesdemaquinas.com.br\/?page_id=23#primaryimage\"},\"image\":{\"@id\":\"http:\/\/cnlocacoesdemaquinas.com.br\/?page_id=23#primaryimage\"},\"thumbnailUrl\":\"https:\/\/vninfra.com.br\/wp-content\/uploads\/2024\/09\/photo_2024-08-31_15-23-05-1-edited.jpg\",\"datePublished\":\"2026-02-21T18:53:11+00:00\",\"dateModified\":\"2026-02-21T19:25:54+00:00\",\"breadcrumb\":{\"@id\":\"http:\/\/cnlocacoesdemaquinas.com.br\/?page_id=23#breadcrumb\"},\"inLanguage\":\"en-US\",\"potentialAction\":[{\"@type\":\"ReadAction\",\"target\":[\"http:\/\/cnlocacoesdemaquinas.com.br\/?page_id=23\"]}]},{\"@type\":\"ImageObject\",\"inLanguage\":\"en-US\",\"@id\":\"http:\/\/cnlocacoesdemaquinas.com.br\/?page_id=23#primaryimage\",\"url\":\"https:\/\/vninfra.com.br\/wp-content\/uploads\/2024\/09\/photo_2024-08-31_15-23-05-1-edited.jpg\",\"contentUrl\":\"https:\/\/vninfra.com.br\/wp-content\/uploads\/2024\/09\/photo_2024-08-31_15-23-05-1-edited.jpg\"},{\"@type\":\"BreadcrumbList\",\"@id\":\"http:\/\/cnlocacoesdemaquinas.com.br\/?page_id=23#breadcrumb\",\"itemListElement\":[{\"@type\":\"ListItem\",\"position\":1,\"name\":\"Home\",\"item\":\"https:\/\/cnlocacoesdemaquinas.com.br\/\"},{\"@type\":\"ListItem\",\"position\":2,\"name\":\"Servi\u00e7os Prestados\"}]},{\"@type\":\"WebSite\",\"@id\":\"https:\/\/cnlocacoesdemaquinas.com.br\/#website\",\"url\":\"https:\/\/cnlocacoesdemaquinas.com.br\/\",\"name\":\"CN Loca\u00e7\u00f5es de M\u00e1quinas\",\"description\":\"\",\"potentialAction\":[{\"@type\":\"SearchAction\",\"target\":{\"@type\":\"EntryPoint\",\"urlTemplate\":\"https:\/\/cnlocacoesdemaquinas.com.br\/?s={search_term_string}\"},\"query-input\":\"required name=search_term_string\"}],\"inLanguage\":\"en-US\"}]}<\/script>\n<!-- \/ Yoast SEO plugin. -->","yoast_head_json":{"title":"Servi\u00e7os Prestados - CN Loca\u00e7\u00f5es de M\u00e1quinas","robots":{"index":"index","follow":"follow","max-snippet":"max-snippet:-1","max-image-preview":"max-image-preview:large","max-video-preview":"max-video-preview:-1"},"canonical":"http:\/\/cnlocacoesdemaquinas.com.br\/?page_id=23","og_locale":"en_US","og_type":"article","og_title":"Servi\u00e7os Prestados - CN Loca\u00e7\u00f5es de M\u00e1quinas","og_url":"http:\/\/cnlocacoesdemaquinas.com.br\/?page_id=23","og_site_name":"CN Loca\u00e7\u00f5es de M\u00e1quinas","article_modified_time":"2026-02-21T19:25:54+00:00","og_image":[{"url":"https:\/\/vninfra.com.br\/wp-content\/uploads\/2024\/09\/photo_2024-08-31_15-23-05-1-edited.jpg"}],"twitter_card":"summary_large_image","twitter_misc":{"Est. reading time":"1 minute"},"schema":{"@context":"https:\/\/schema.org","@graph":[{"@type":"WebPage","@id":"http:\/\/cnlocacoesdemaquinas.com.br\/?page_id=23","url":"http:\/\/cnlocacoesdemaquinas.com.br\/?page_id=23","name":"Servi\u00e7os Prestados - CN Loca\u00e7\u00f5es de M\u00e1quinas","isPartOf":{"@id":"https:\/\/cnlocacoesdemaquinas.com.br\/#website"},"primaryImageOfPage":{"@id":"http:\/\/cnlocacoesdemaquinas.com.br\/?page_id=23#primaryimage"},"image":{"@id":"http:\/\/cnlocacoesdemaquinas.com.br\/?page_id=23#primaryimage"},"thumbnailUrl":"https:\/\/vninfra.com.br\/wp-content\/uploads\/2024\/09\/photo_2024-08-31_15-23-05-1-edited.jpg","datePublished":"2026-02-21T18:53:11+00:00","dateModified":"2026-02-21T19:25:54+00:00","breadcrumb":{"@id":"http:\/\/cnlocacoesdemaquinas.com.br\/?page_id=23#breadcrumb"},"inLanguage":"en-US","potentialAction":[{"@type":"ReadAction","target":["http:\/\/cnlocacoesdemaquinas.com.br\/?page_id=23"]}]},{"@type":"ImageObject","inLanguage":"en-US","@id":"http:\/\/cnlocacoesdemaquinas.com.br\/?page_id=23#primaryimage","url":"https:\/\/vninfra.com.br\/wp-content\/uploads\/2024\/09\/photo_2024-08-31_15-23-05-1-edited.jpg","contentUrl":"https:\/\/vninfra.com.br\/wp-content\/uploads\/2024\/09\/photo_2024-08-31_15-23-05-1-edited.jpg"},{"@type":"BreadcrumbList","@id":"http:\/\/cnlocacoesdemaquinas.com.br\/?page_id=23#breadcrumb","itemListElement":[{"@type":"ListItem","position":1,"name":"Home","item":"https:\/\/cnlocacoesdemaquinas.com.br\/"},{"@type":"ListItem","position":2,"name":"Servi\u00e7os Prestados"}]},{"@type":"WebSite","@id":"https:\/\/cnlocacoesdemaquinas.com.br\/#website","url":"https:\/\/cnlocacoesdemaquinas.com.br\/","name":"CN Loca\u00e7\u00f5es de M\u00e1quinas","description":"","potentialAction":[{"@type":"SearchAction","target":{"@type":"EntryPoint","urlTemplate":"https:\/\/cnlocacoesdemaquinas.com.br\/?s={search_term_string}"},"query-input":"required name=search_term_string"}],"inLanguage":"en-US"}]}},"_links":{"self":[{"href":"https:\/\/cnlocacoesdemaquinas.com.br\/index.php?rest_route=\/wp\/v2\/pages\/23","targetHints":{"allow":["GET"]}}],"collection":[{"href":"https:\/\/cnlocacoesdemaquinas.com.br\/index.php?rest_route=\/wp\/v2\/pages"}],"about":[{"href":"https:\/\/cnlocacoesdemaquinas.com.br\/index.php?rest_route=\/wp\/v2\/types\/page"}],"author":[{"embeddable":true,"href":"https:\/\/cnlocacoesdemaquinas.com.br\/index.php?rest_route=\/wp\/v2\/users\/1"}],"replies":[{"embeddable":true,"href":"https:\/\/cnlocacoesdemaquinas.com.br\/index.php?rest_route=%2Fwp%2Fv2%2Fcomments&post=23"}],"version-history":[{"count":2,"href":"https:\/\/cnlocacoesdemaquinas.com.br\/index.php?rest_route=\/wp\/v2\/pages\/23\/revisions"}],"predecessor-version":[{"id":37,"href":"https:\/\/cnlocacoesdemaquinas.com.br\/index.php?rest_route=\/wp\/v2\/pages\/23\/revisions\/37"}],"wp:attachment":[{"href":"https:\/\/cnlocacoesdemaquinas.com.br\/index.php?rest_route=%2Fwp%2Fv2%2Fmedia&parent=23"}],"curies":[{"name":"wp","href":"https:\/\/api.w.org\/{rel}","templated":true}]}}