{"id":25,"date":"2026-02-21T15:53:37","date_gmt":"2026-02-21T18:53:37","guid":{"rendered":"https:\/\/cnlocacoesdemaquinas.com.br\/?page_id=25"},"modified":"2026-02-21T16:30:42","modified_gmt":"2026-02-21T19:30:42","slug":"contato","status":"publish","type":"page","link":"https:\/\/cnlocacoesdemaquinas.com.br\/?page_id=25","title":{"rendered":"Contato"},"content":{"rendered":"\n<div class=\"wp-block-cover alignfull\" style=\"min-height:420px;aspect-ratio:unset;\"><span aria-hidden=\"true\" class=\"wp-block-cover__background has-nv-light-bg-background-color has-background-dim-100 has-background-dim\"><\/span><div class=\"wp-block-cover__inner-container is-layout-flow wp-block-cover-is-layout-flow\">\n<div class=\"wp-block-columns is-layout-flex wp-container-core-columns-is-layout-9d6595d7 wp-block-columns-is-layout-flex\">\n<div class=\"wp-block-column ticss-4ce656f1 is-layout-flow wp-block-column-is-layout-flow\" style=\"padding-right:var(--wp--preset--spacing--30);padding-left:var(--wp--preset--spacing--30)\">\n<div class=\"wp-block-group has-nv-site-bg-background-color has-background\" style=\"border-radius:24px\"><div class=\"wp-block-group__inner-container is-layout-flow wp-block-group-is-layout-flow\">\n<div style=\"height:24px\" aria-hidden=\"true\" class=\"wp-block-spacer\"><\/div>\n\n\n<div class=\"wp-block-image icon-style is-style-default\">\n<figure class=\"aligncenter size-full\"><img decoding=\"async\" src=\"https:\/\/vninfra.com.br\/wp-content\/themes\/neve\/assets\/img\/starter-content\/neve-marketing-icon-7.png\" alt=\"\"\/><\/figure>\n<\/div>\n\n\n<div style=\"height:24px\" aria-hidden=\"true\" class=\"wp-block-spacer\"><\/div>\n\n\n\n<h3 class=\"wp-block-heading has-text-align-center has-neve-text-color-color has-text-color\">Telefone \/ WhatsApp<\/h3>\n\n\n\n<p class=\"has-text-align-center has-neve-text-color-color has-text-color\" style=\"font-size:15px\"><a href=\"https:\/\/api.whatsapp.com\/send\/?phone=5516992166996&amp;text&amp;type=phone_number&amp;app_absent=0\" data-type=\"link\" data-id=\"https:\/\/api.whatsapp.com\/send\/?phone=5516992166996&amp;text&amp;type=phone_number&amp;app_absent=0\">(16) 99216-6996 | Vagner<\/a><br><a href=\"https:\/\/api.whatsapp.com\/send\/?phone=5516992166996&amp;text&amp;type=phone_number&amp;app_absent=0\" data-type=\"link\" data-id=\"https:\/\/api.whatsapp.com\/send\/?phone=5516992166996&amp;text&amp;type=phone_number&amp;app_absent=0\">(16) 99721-2426 | Thiago<\/a><\/p>\n\n\n\n<div style=\"height:24px\" aria-hidden=\"true\" class=\"wp-block-spacer\"><\/div>\n<\/div><\/div>\n<\/div>\n\n\n\n<div class=\"wp-block-column ticss-f6fc7494 is-layout-flow wp-block-column-is-layout-flow\" style=\"padding-right:var(--wp--preset--spacing--30);padding-left:var(--wp--preset--spacing--30)\">\n<div class=\"wp-block-group has-nv-site-bg-background-color has-background\" style=\"border-radius:24px\"><div class=\"wp-block-group__inner-container is-layout-flow wp-block-group-is-layout-flow\">\n<div style=\"height:24px\" aria-hidden=\"true\" class=\"wp-block-spacer\"><\/div>\n\n\n<div class=\"wp-block-image icon-style is-style-default\">\n<figure class=\"aligncenter size-full\"><img decoding=\"async\" src=\"https:\/\/vninfra.com.br\/wp-content\/themes\/neve\/assets\/img\/starter-content\/neve-marketing-icon-5.png\" alt=\"\"\/><\/figure>\n<\/div>\n\n\n<div style=\"height:24px\" aria-hidden=\"true\" class=\"wp-block-spacer\"><\/div>\n\n\n\n<h3 class=\"wp-block-heading has-text-align-center has-neve-text-color-color has-text-color\">Email<\/h3>\n\n\n\n<p class=\"has-text-align-center has-neve-text-color-color has-text-color\" style=\"font-size:15px\">contato@cnlocacoesdemaquinas.com.br<\/p>\n\n\n\n<div style=\"height:24px\" aria-hidden=\"true\" class=\"wp-block-spacer\"><\/div>\n<\/div><\/div>\n<\/div>\n\n\n\n<div class=\"wp-block-column ticss-a5b4df29 is-layout-flow wp-block-column-is-layout-flow\" style=\"padding-right:var(--wp--preset--spacing--30);padding-left:var(--wp--preset--spacing--30)\">\n<div class=\"wp-block-group has-nv-site-bg-background-color has-background\" style=\"border-radius:24px\"><div class=\"wp-block-group__inner-container is-layout-flow wp-block-group-is-layout-flow\">\n<div style=\"height:24px\" aria-hidden=\"true\" class=\"wp-block-spacer\"><\/div>\n\n\n<div class=\"wp-block-image icon-style is-style-default\">\n<figure class=\"aligncenter size-full is-resized\"><img decoding=\"async\" src=\"https:\/\/vninfra.com.br\/wp-content\/uploads\/2024\/08\/pngwing.com3_.png\" alt=\"\" class=\"wp-image-60\" style=\"width:86px;height:auto\"\/><\/figure>\n<\/div>\n\n\n<h3 class=\"wp-block-heading has-text-align-center has-neve-text-color-color has-text-color\">Redes sociais<\/h3>\n\n\n\n<p class=\"has-text-align-center has-neve-text-color-color has-text-color\" style=\"font-size:15px\">Instagram:<br><a href=\"https:\/\/www.instagram.com\/cn_locacoes_de_maquinas\">@cn_locacoes_de_maquinas<\/a><br><br>Facebook: <a data-type=\"link\" data-id=\"https:\/\/www.facebook.com\/vnengenharia\" href=\"https:\/\/www.facebook.com\/vnengenharia\">vnengenharia<\/a><\/p>\n\n\n\n<div style=\"height:24px\" aria-hidden=\"true\" class=\"wp-block-spacer\"><\/div>\n<\/div><\/div>\n<\/div>\n\n\n\n<div class=\"wp-block-column ticss-a5b4df29 is-layout-flow wp-block-column-is-layout-flow\" style=\"padding-right:var(--wp--preset--spacing--30);padding-left:var(--wp--preset--spacing--30)\">\n<div class=\"wp-block-group has-nv-site-bg-background-color has-background\" style=\"border-radius:24px\"><div class=\"wp-block-group__inner-container is-layout-flow wp-block-group-is-layout-flow\">\n<div style=\"height:24px\" aria-hidden=\"true\" class=\"wp-block-spacer\"><\/div>\n\n\n<div class=\"wp-block-image icon-style is-style-default\">\n<figure class=\"aligncenter size-full\"><img decoding=\"async\" src=\"https:\/\/vninfra.com.br\/wp-content\/themes\/neve\/assets\/img\/starter-content\/neve-marketing-icon-6.png\" alt=\"\"\/><\/figure>\n<\/div>\n\n\n<div style=\"height:24px\" aria-hidden=\"true\" class=\"wp-block-spacer\"><\/div>\n\n\n\n<h3 class=\"wp-block-heading has-text-align-center has-neve-text-color-color has-text-color\">Escrit\u00f3rio<\/h3>\n\n\n\n<p class=\"has-text-align-center has-neve-text-color-color has-text-color\" style=\"font-size:15px\">R. \u00c1ureliano Garc\u00eda de Oliveira, 372 &#8211; Sala 9 &#8211; Ribeir\u00e3o Preto &#8211; SP<br>14096-750<\/p>\n\n\n\n<div style=\"height:24px\" aria-hidden=\"true\" class=\"wp-block-spacer\"><\/div>\n<\/div><\/div>\n<\/div>\n<\/div>\n<\/div><\/div>\n\n\n\n<p><\/p>\n","protected":false},"excerpt":{"rendered":"","protected":false},"author":1,"featured_media":0,"parent":0,"menu_order":0,"comment_status":"closed","ping_status":"closed","template":"","meta":{"neve_meta_sidebar":"","neve_meta_container":"","neve_meta_enable_content_width":"","neve_meta_content_width":0,"neve_meta_title_alignment":"","neve_meta_author_avatar":"","neve_post_elements_order":"","neve_meta_disable_header":"","neve_meta_disable_footer":"","neve_meta_disable_title":"","footnotes":""},"class_list":["post-25","page","type-page","status-publish","hentry"],"yoast_head":"<!-- This site is optimized with the Yoast SEO plugin v22.8 - https:\/\/yoast.com\/wordpress\/plugins\/seo\/ -->\n<title>Contato - CN Loca\u00e7\u00f5es de M\u00e1quinas<\/title>\n<meta name=\"robots\" content=\"index, follow, max-snippet:-1, max-image-preview:large, max-video-preview:-1\" \/>\n<link rel=\"canonical\" href=\"http:\/\/cnlocacoesdemaquinas.com.br\/?page_id=25\" \/>\n<meta property=\"og:locale\" content=\"en_US\" \/>\n<meta property=\"og:type\" content=\"article\" \/>\n<meta property=\"og:title\" content=\"Contato - CN Loca\u00e7\u00f5es de M\u00e1quinas\" \/>\n<meta property=\"og:url\" content=\"http:\/\/cnlocacoesdemaquinas.com.br\/?page_id=25\" \/>\n<meta property=\"og:site_name\" content=\"CN Loca\u00e7\u00f5es de M\u00e1quinas\" \/>\n<meta property=\"article:modified_time\" content=\"2026-02-21T19:30:42+00:00\" \/>\n<meta property=\"og:image\" content=\"https:\/\/vninfra.com.br\/wp-content\/themes\/neve\/assets\/img\/starter-content\/neve-marketing-icon-7.png\" \/>\n<meta name=\"twitter:card\" content=\"summary_large_image\" \/>\n<meta name=\"twitter:label1\" content=\"Est. reading time\" \/>\n\t<meta name=\"twitter:data1\" content=\"1 minute\" \/>\n<script type=\"application\/ld+json\" class=\"yoast-schema-graph\">{\"@context\":\"https:\/\/schema.org\",\"@graph\":[{\"@type\":\"WebPage\",\"@id\":\"http:\/\/cnlocacoesdemaquinas.com.br\/?page_id=25\",\"url\":\"http:\/\/cnlocacoesdemaquinas.com.br\/?page_id=25\",\"name\":\"Contato - CN Loca\u00e7\u00f5es de M\u00e1quinas\",\"isPartOf\":{\"@id\":\"https:\/\/cnlocacoesdemaquinas.com.br\/#website\"},\"primaryImageOfPage\":{\"@id\":\"http:\/\/cnlocacoesdemaquinas.com.br\/?page_id=25#primaryimage\"},\"image\":{\"@id\":\"http:\/\/cnlocacoesdemaquinas.com.br\/?page_id=25#primaryimage\"},\"thumbnailUrl\":\"https:\/\/vninfra.com.br\/wp-content\/themes\/neve\/assets\/img\/starter-content\/neve-marketing-icon-7.png\",\"datePublished\":\"2026-02-21T18:53:37+00:00\",\"dateModified\":\"2026-02-21T19:30:42+00:00\",\"breadcrumb\":{\"@id\":\"http:\/\/cnlocacoesdemaquinas.com.br\/?page_id=25#breadcrumb\"},\"inLanguage\":\"en-US\",\"potentialAction\":[{\"@type\":\"ReadAction\",\"target\":[\"http:\/\/cnlocacoesdemaquinas.com.br\/?page_id=25\"]}]},{\"@type\":\"ImageObject\",\"inLanguage\":\"en-US\",\"@id\":\"http:\/\/cnlocacoesdemaquinas.com.br\/?page_id=25#primaryimage\",\"url\":\"https:\/\/vninfra.com.br\/wp-content\/themes\/neve\/assets\/img\/starter-content\/neve-marketing-icon-7.png\",\"contentUrl\":\"https:\/\/vninfra.com.br\/wp-content\/themes\/neve\/assets\/img\/starter-content\/neve-marketing-icon-7.png\"},{\"@type\":\"BreadcrumbList\",\"@id\":\"http:\/\/cnlocacoesdemaquinas.com.br\/?page_id=25#breadcrumb\",\"itemListElement\":[{\"@type\":\"ListItem\",\"position\":1,\"name\":\"Home\",\"item\":\"https:\/\/cnlocacoesdemaquinas.com.br\/\"},{\"@type\":\"ListItem\",\"position\":2,\"name\":\"Contato\"}]},{\"@type\":\"WebSite\",\"@id\":\"https:\/\/cnlocacoesdemaquinas.com.br\/#website\",\"url\":\"https:\/\/cnlocacoesdemaquinas.com.br\/\",\"name\":\"CN Loca\u00e7\u00f5es de M\u00e1quinas\",\"description\":\"\",\"potentialAction\":[{\"@type\":\"SearchAction\",\"target\":{\"@type\":\"EntryPoint\",\"urlTemplate\":\"https:\/\/cnlocacoesdemaquinas.com.br\/?s={search_term_string}\"},\"query-input\":\"required name=search_term_string\"}],\"inLanguage\":\"en-US\"}]}<\/script>\n<!-- \/ Yoast SEO plugin. -->","yoast_head_json":{"title":"Contato - CN Loca\u00e7\u00f5es de M\u00e1quinas","robots":{"index":"index","follow":"follow","max-snippet":"max-snippet:-1","max-image-preview":"max-image-preview:large","max-video-preview":"max-video-preview:-1"},"canonical":"http:\/\/cnlocacoesdemaquinas.com.br\/?page_id=25","og_locale":"en_US","og_type":"article","og_title":"Contato - CN Loca\u00e7\u00f5es de M\u00e1quinas","og_url":"http:\/\/cnlocacoesdemaquinas.com.br\/?page_id=25","og_site_name":"CN Loca\u00e7\u00f5es de M\u00e1quinas","article_modified_time":"2026-02-21T19:30:42+00:00","og_image":[{"url":"https:\/\/vninfra.com.br\/wp-content\/themes\/neve\/assets\/img\/starter-content\/neve-marketing-icon-7.png"}],"twitter_card":"summary_large_image","twitter_misc":{"Est. reading time":"1 minute"},"schema":{"@context":"https:\/\/schema.org","@graph":[{"@type":"WebPage","@id":"http:\/\/cnlocacoesdemaquinas.com.br\/?page_id=25","url":"http:\/\/cnlocacoesdemaquinas.com.br\/?page_id=25","name":"Contato - CN Loca\u00e7\u00f5es de M\u00e1quinas","isPartOf":{"@id":"https:\/\/cnlocacoesdemaquinas.com.br\/#website"},"primaryImageOfPage":{"@id":"http:\/\/cnlocacoesdemaquinas.com.br\/?page_id=25#primaryimage"},"image":{"@id":"http:\/\/cnlocacoesdemaquinas.com.br\/?page_id=25#primaryimage"},"thumbnailUrl":"https:\/\/vninfra.com.br\/wp-content\/themes\/neve\/assets\/img\/starter-content\/neve-marketing-icon-7.png","datePublished":"2026-02-21T18:53:37+00:00","dateModified":"2026-02-21T19:30:42+00:00","breadcrumb":{"@id":"http:\/\/cnlocacoesdemaquinas.com.br\/?page_id=25#breadcrumb"},"inLanguage":"en-US","potentialAction":[{"@type":"ReadAction","target":["http:\/\/cnlocacoesdemaquinas.com.br\/?page_id=25"]}]},{"@type":"ImageObject","inLanguage":"en-US","@id":"http:\/\/cnlocacoesdemaquinas.com.br\/?page_id=25#primaryimage","url":"https:\/\/vninfra.com.br\/wp-content\/themes\/neve\/assets\/img\/starter-content\/neve-marketing-icon-7.png","contentUrl":"https:\/\/vninfra.com.br\/wp-content\/themes\/neve\/assets\/img\/starter-content\/neve-marketing-icon-7.png"},{"@type":"BreadcrumbList","@id":"http:\/\/cnlocacoesdemaquinas.com.br\/?page_id=25#breadcrumb","itemListElement":[{"@type":"ListItem","position":1,"name":"Home","item":"https:\/\/cnlocacoesdemaquinas.com.br\/"},{"@type":"ListItem","position":2,"name":"Contato"}]},{"@type":"WebSite","@id":"https:\/\/cnlocacoesdemaquinas.com.br\/#website","url":"https:\/\/cnlocacoesdemaquinas.com.br\/","name":"CN Loca\u00e7\u00f5es de M\u00e1quinas","description":"","potentialAction":[{"@type":"SearchAction","target":{"@type":"EntryPoint","urlTemplate":"https:\/\/cnlocacoesdemaquinas.com.br\/?s={search_term_string}"},"query-input":"required name=search_term_string"}],"inLanguage":"en-US"}]}},"_links":{"self":[{"href":"https:\/\/cnlocacoesdemaquinas.com.br\/index.php?rest_route=\/wp\/v2\/pages\/25","targetHints":{"allow":["GET"]}}],"collection":[{"href":"https:\/\/cnlocacoesdemaquinas.com.br\/index.php?rest_route=\/wp\/v2\/pages"}],"about":[{"href":"https:\/\/cnlocacoesdemaquinas.com.br\/index.php?rest_route=\/wp\/v2\/types\/page"}],"author":[{"embeddable":true,"href":"https:\/\/cnlocacoesdemaquinas.com.br\/index.php?rest_route=\/wp\/v2\/users\/1"}],"replies":[{"embeddable":true,"href":"https:\/\/cnlocacoesdemaquinas.com.br\/index.php?rest_route=%2Fwp%2Fv2%2Fcomments&post=25"}],"version-history":[{"count":3,"href":"https:\/\/cnlocacoesdemaquinas.com.br\/index.php?rest_route=\/wp\/v2\/pages\/25\/revisions"}],"predecessor-version":[{"id":40,"href":"https:\/\/cnlocacoesdemaquinas.com.br\/index.php?rest_route=\/wp\/v2\/pages\/25\/revisions\/40"}],"wp:attachment":[{"href":"https:\/\/cnlocacoesdemaquinas.com.br\/index.php?rest_route=%2Fwp%2Fv2%2Fmedia&parent=25"}],"curies":[{"name":"wp","href":"https:\/\/api.w.org\/{rel}","templated":true}]}}